{"id":220,"date":"2021-06-16T15:34:16","date_gmt":"2021-06-16T18:34:16","guid":{"rendered":"http:\/\/goedertgroup.com\/?page_id=220"},"modified":"2025-12-17T08:02:36","modified_gmt":"2025-12-17T11:02:36","slug":"sobre","status":"publish","type":"page","link":"https:\/\/goedertgroup.com\/es\/sobre\/","title":{"rendered":"Sobre"},"content":{"rendered":"<p>Estamos no mercado h\u00e1 39 anos, sempre em constante evolu\u00e7\u00e3o. Come\u00e7amos pequenos, em 1986, como uma f\u00e1brica familiar, e a expans\u00e3o seguiu de maneira t\u00e3o acelerada que em 2020 sentimos a necessidade de transformar a empresa Goedert no Goedert Group.<\/p>\n<p>El cambio tuvo como objetivo reunir, en una sola marca, todas nuestras unidades de negocio: industria, canales de reventa, minorista, home center, importaci\u00f3n y exportaci\u00f3n. Adem\u00e1s de gestionar productos propios, como Nobre, Up Pro Qu\u00edmicos, Multirodo y las l\u00edneas de dispensadores Multicopo, PapaCopo, New Classic y Nobre Select.<\/p>\n<p>Desde nuestra sede en Santa Catarina, atendemos a m\u00e1s de 17 mil clientes en todos los estados de Brasil y el Mercosur. Nos enorgullece decir que, adem\u00e1s de contar con varios frentes, somos reconocidos en todos ellos por la satisfacci\u00f3n de los servicios prestados y la calidad de nuestros productos y equipos de limpieza, higiene y protecci\u00f3n. <u>Adem\u00e1s, seguimos firmemente comprometidos con nuestros valores para un mundo m\u00e1s sostenible.<\/u><\/p>","protected":false},"excerpt":{"rendered":"<p>Estamos no mercado h\u00e1 39 anos, sempre em constante evolu\u00e7\u00e3o. Come\u00e7amos pequenos, em 1986, como uma f\u00e1brica famil ...","protected":false},"author":1,"featured_media":0,"parent":0,"menu_order":0,"comment_status":"closed","ping_status":"closed","template":"","meta":{"_acf_changed":false,"footnotes":""},"class_list":["post-220","page","type-page","status-publish","hentry"],"acf":[],"yoast_head":"<!-- This site is optimized with the Yoast SEO plugin v27.3 - https:\/\/yoast.com\/product\/yoast-seo-wordpress\/ -->\n<title>Sobre - Goedert Group<\/title>\n<meta name=\"robots\" content=\"index, follow, max-snippet:-1, max-image-preview:large, max-video-preview:-1\" \/>\n<link rel=\"canonical\" href=\"https:\/\/goedertgroup.com\/es\/sobre\/\" \/>\n<meta property=\"og:locale\" content=\"es_ES\" \/>\n<meta property=\"og:type\" content=\"article\" \/>\n<meta property=\"og:title\" content=\"Sobre - Goedert Group\" \/>\n<meta property=\"og:description\" content=\"Estamos no mercado h\u00e1 39 anos, sempre em constante evolu\u00e7\u00e3o. Come\u00e7amos pequenos, em 1986, como uma f\u00e1brica familiar, e a expans\u00e3o seguiu de maneira t\u00e3o acelerada que em 2020 sentimos a necessidade de transformar a empresa Goedert no Goedert Group. A mudan\u00e7a teve como direcionamento reunir, em uma \u00fanica marca, todas as nossas unidades deLer mais\" \/>\n<meta property=\"og:url\" content=\"https:\/\/goedertgroup.com\/es\/sobre\/\" \/>\n<meta property=\"og:site_name\" content=\"Goedert Group\" \/>\n<meta property=\"article:modified_time\" content=\"2025-12-17T11:02:36+00:00\" \/>\n<meta name=\"twitter:card\" content=\"summary_large_image\" \/>\n<meta name=\"twitter:label1\" content=\"Est. reading time\" \/>\n\t<meta name=\"twitter:data1\" content=\"1 minute\" \/>\n<script type=\"application\/ld+json\" class=\"yoast-schema-graph\">{\"@context\":\"https:\\\/\\\/schema.org\",\"@graph\":[{\"@type\":\"WebPage\",\"@id\":\"https:\\\/\\\/goedertgroup.com\\\/es\\\/sobre\\\/\",\"url\":\"https:\\\/\\\/goedertgroup.com\\\/es\\\/sobre\\\/\",\"name\":\"Sobre - Goedert Group\",\"isPartOf\":{\"@id\":\"https:\\\/\\\/goedertgroup.com\\\/#website\"},\"datePublished\":\"2021-06-16T18:34:16+00:00\",\"dateModified\":\"2025-12-17T11:02:36+00:00\",\"breadcrumb\":{\"@id\":\"https:\\\/\\\/goedertgroup.com\\\/es\\\/sobre\\\/#breadcrumb\"},\"inLanguage\":\"es-ES\",\"potentialAction\":[{\"@type\":\"ReadAction\",\"target\":[\"https:\\\/\\\/goedertgroup.com\\\/es\\\/sobre\\\/\"]}]},{\"@type\":\"BreadcrumbList\",\"@id\":\"https:\\\/\\\/goedertgroup.com\\\/es\\\/sobre\\\/#breadcrumb\",\"itemListElement\":[{\"@type\":\"ListItem\",\"position\":1,\"name\":\"In\u00edcio\",\"item\":\"https:\\\/\\\/goedertgroup.com\\\/\"},{\"@type\":\"ListItem\",\"position\":2,\"name\":\"Sobre\"}]},{\"@type\":\"WebSite\",\"@id\":\"https:\\\/\\\/goedertgroup.com\\\/#website\",\"url\":\"https:\\\/\\\/goedertgroup.com\\\/\",\"name\":\"Goedert Group\",\"description\":\"Qualidade em Higiene\",\"potentialAction\":[{\"@type\":\"SearchAction\",\"target\":{\"@type\":\"EntryPoint\",\"urlTemplate\":\"https:\\\/\\\/goedertgroup.com\\\/?s={search_term_string}\"},\"query-input\":{\"@type\":\"PropertyValueSpecification\",\"valueRequired\":true,\"valueName\":\"search_term_string\"}}],\"inLanguage\":\"es-ES\"}]}<\/script>\n<!-- \/ Yoast SEO plugin. -->","yoast_head_json":{"title":"Sobre - Goedert Group","robots":{"index":"index","follow":"follow","max-snippet":"max-snippet:-1","max-image-preview":"max-image-preview:large","max-video-preview":"max-video-preview:-1"},"canonical":"https:\/\/goedertgroup.com\/es\/sobre\/","og_locale":"es_ES","og_type":"article","og_title":"Sobre - Goedert Group","og_description":"Estamos no mercado h\u00e1 39 anos, sempre em constante evolu\u00e7\u00e3o. Come\u00e7amos pequenos, em 1986, como uma f\u00e1brica familiar, e a expans\u00e3o seguiu de maneira t\u00e3o acelerada que em 2020 sentimos a necessidade de transformar a empresa Goedert no Goedert Group. A mudan\u00e7a teve como direcionamento reunir, em uma \u00fanica marca, todas as nossas unidades deLer mais","og_url":"https:\/\/goedertgroup.com\/es\/sobre\/","og_site_name":"Goedert Group","article_modified_time":"2025-12-17T11:02:36+00:00","twitter_card":"summary_large_image","twitter_misc":{"Est. reading time":"1 minute"},"schema":{"@context":"https:\/\/schema.org","@graph":[{"@type":"WebPage","@id":"https:\/\/goedertgroup.com\/es\/sobre\/","url":"https:\/\/goedertgroup.com\/es\/sobre\/","name":"Sobre - Goedert Group","isPartOf":{"@id":"https:\/\/goedertgroup.com\/#website"},"datePublished":"2021-06-16T18:34:16+00:00","dateModified":"2025-12-17T11:02:36+00:00","breadcrumb":{"@id":"https:\/\/goedertgroup.com\/es\/sobre\/#breadcrumb"},"inLanguage":"es-ES","potentialAction":[{"@type":"ReadAction","target":["https:\/\/goedertgroup.com\/es\/sobre\/"]}]},{"@type":"BreadcrumbList","@id":"https:\/\/goedertgroup.com\/es\/sobre\/#breadcrumb","itemListElement":[{"@type":"ListItem","position":1,"name":"In\u00edcio","item":"https:\/\/goedertgroup.com\/"},{"@type":"ListItem","position":2,"name":"Sobre"}]},{"@type":"WebSite","@id":"https:\/\/goedertgroup.com\/#website","url":"https:\/\/goedertgroup.com\/","name":"Goedert Group","description":"Qualidade em Higiene","potentialAction":[{"@type":"SearchAction","target":{"@type":"EntryPoint","urlTemplate":"https:\/\/goedertgroup.com\/?s={search_term_string}"},"query-input":{"@type":"PropertyValueSpecification","valueRequired":true,"valueName":"search_term_string"}}],"inLanguage":"es-ES"}]}},"_links":{"self":[{"href":"https:\/\/goedertgroup.com\/es\/wp-json\/wp\/v2\/pages\/220","targetHints":{"allow":["GET"]}}],"collection":[{"href":"https:\/\/goedertgroup.com\/es\/wp-json\/wp\/v2\/pages"}],"about":[{"href":"https:\/\/goedertgroup.com\/es\/wp-json\/wp\/v2\/types\/page"}],"author":[{"embeddable":true,"href":"https:\/\/goedertgroup.com\/es\/wp-json\/wp\/v2\/users\/1"}],"replies":[{"embeddable":true,"href":"https:\/\/goedertgroup.com\/es\/wp-json\/wp\/v2\/comments?post=220"}],"version-history":[{"count":23,"href":"https:\/\/goedertgroup.com\/es\/wp-json\/wp\/v2\/pages\/220\/revisions"}],"predecessor-version":[{"id":2055,"href":"https:\/\/goedertgroup.com\/es\/wp-json\/wp\/v2\/pages\/220\/revisions\/2055"}],"wp:attachment":[{"href":"https:\/\/goedertgroup.com\/es\/wp-json\/wp\/v2\/media?parent=220"}],"curies":[{"name":"wp","href":"https:\/\/api.w.org\/{rel}","templated":true}]}}