{"id":1870,"date":"2025-04-09T16:59:35","date_gmt":"2025-04-09T19:59:35","guid":{"rendered":"https:\/\/goedertgroup.com\/?page_id=1870"},"modified":"2025-04-10T16:43:16","modified_gmt":"2025-04-10T19:43:16","slug":"relatorio-de-transparencia-e-igualdade-salarial-de-mulheres-e-homens","status":"publish","type":"page","link":"https:\/\/goedertgroup.com\/es\/relatorio-de-transparencia-e-igualdade-salarial-de-mulheres-e-homens\/","title":{"rendered":"Relat\u00f3rio de Transpar\u00eancia e Igualdade Salarial de Mulheres e Homens"},"content":{"rendered":"<div data-elementor-type=\"wp-page\" data-elementor-id=\"1870\" class=\"elementor elementor-1870\">\n\t\t\t\t\t\t<section class=\"elementor-section elementor-top-section elementor-element elementor-element-4162796 elementor-section-boxed elementor-section-height-default elementor-section-height-default\" data-id=\"4162796\" data-element_type=\"section\" data-e-type=\"section\">\n\t\t\t\t\t\t<div class=\"elementor-container elementor-column-gap-default\">\n\t\t\t\t\t<div class=\"elementor-column elementor-col-50 elementor-top-column elementor-element elementor-element-addede1\" data-id=\"addede1\" data-element_type=\"column\" data-e-type=\"column\">\n\t\t\t<div class=\"elementor-widget-wrap elementor-element-populated\">\n\t\t\t\t\t\t<div class=\"elementor-element elementor-element-1d849f9 e-transform elementor-widget elementor-widget-text-editor\" data-id=\"1d849f9\" data-element_type=\"widget\" data-e-type=\"widget\" data-settings=\"{&quot;_transform_scale_effect&quot;:{&quot;unit&quot;:&quot;px&quot;,&quot;size&quot;:1.4,&quot;sizes&quot;:[]},&quot;_transform_scale_effect_mobile&quot;:{&quot;unit&quot;:&quot;px&quot;,&quot;size&quot;:0.8,&quot;sizes&quot;:[]},&quot;_transform_scale_effect_tablet&quot;:{&quot;unit&quot;:&quot;px&quot;,&quot;size&quot;:&quot;&quot;,&quot;sizes&quot;:[]}}\" data-widget_type=\"text-editor.default\">\n\t\t\t\t<div class=\"elementor-widget-container\">\n\t\t\t\t\t\t\t\t\t<p style=\"text-align: center;\"><div class=\"_df_thumb\" id=\"df_1871\"  _slug=\"relatorio-de-transparencia-e-igualdade-salarial-de-mulheres-e-homens-2024\" data-title=\"relatorio-de-transparencia-e-igualdade-salarial-de-mulheres-e-homens-2025-matriz\" wpoptions=\"true\" thumb=\"http:\/\/goedertgroup.com\/wp-content\/uploads\/2025\/04\/relatorio-matriz.png\" thumbtype=\"\" >Relat\u00f3rio de Transpar\u00eancia e Igualdade Salarial de Mulheres e Homens 2025 &#8211; Matriz<\/div><script class=\"df-shortcode-script\" nowprocket type=\"application\/javascript\">window.option_df_1871 = {\"outline\":[],\"autoEnableOutline\":\"false\",\"autoEnableThumbnail\":\"false\",\"overwritePDFOutline\":\"false\",\"direction\":\"1\",\"pageSize\":\"0\",\"source\":\"http:\\\/\\\/goedertgroup.com\\\/wp-content\\\/uploads\\\/2025\\\/04\\\/relatorio-transparencia-salarial-matriz.pdf\",\"wpOptions\":\"true\"}; if(window.DFLIP && window.DFLIP.parseBooks){window.DFLIP.parseBooks();}<\/script><\/p>\t\t\t\t\t\t\t\t<\/div>\n\t\t\t\t<\/div>\n\t\t\t\t<div class=\"elementor-element elementor-element-4368c96 elementor-widget elementor-widget-heading\" data-id=\"4368c96\" data-element_type=\"widget\" data-e-type=\"widget\" data-widget_type=\"heading.default\">\n\t\t\t\t<div class=\"elementor-widget-container\">\n\t\t\t\t\t<h2 class=\"elementor-heading-title elementor-size-default\">Matriz<\/h2>\t\t\t\t<\/div>\n\t\t\t\t<\/div>\n\t\t\t\t\t<\/div>\n\t\t<\/div>\n\t\t\t\t<div class=\"elementor-column elementor-col-50 elementor-top-column elementor-element elementor-element-c1d1dea\" data-id=\"c1d1dea\" data-element_type=\"column\" data-e-type=\"column\">\n\t\t\t<div class=\"elementor-widget-wrap elementor-element-populated\">\n\t\t\t\t\t\t<div class=\"elementor-element elementor-element-7c68155 e-transform elementor-widget elementor-widget-text-editor\" data-id=\"7c68155\" data-element_type=\"widget\" data-e-type=\"widget\" data-settings=\"{&quot;_transform_scale_effect&quot;:{&quot;unit&quot;:&quot;px&quot;,&quot;size&quot;:1.4,&quot;sizes&quot;:[]},&quot;_transform_scale_effect_mobile&quot;:{&quot;unit&quot;:&quot;px&quot;,&quot;size&quot;:0.8,&quot;sizes&quot;:[]},&quot;_transform_scale_effect_tablet&quot;:{&quot;unit&quot;:&quot;px&quot;,&quot;size&quot;:&quot;&quot;,&quot;sizes&quot;:[]}}\" data-widget_type=\"text-editor.default\">\n\t\t\t\t<div class=\"elementor-widget-container\">\n\t\t\t\t\t\t\t\t\t<p style=\"text-align: center;\"><div class=\"_df_thumb\" id=\"df_1878\"  _slug=\"relatorio-de-transparencia-e-igualdade-salarial-de-mulheres-e-homens-2024-fabrica\" data-title=\"relatorio-de-transparencia-e-igualdade-salarial-de-mulheres-e-homens-2025-fabrica\" wpoptions=\"true\" thumb=\"http:\/\/goedertgroup.com\/wp-content\/uploads\/2025\/04\/relatorio-fabrica.png\" thumbtype=\"\" >Relat\u00f3rio de Transpar\u00eancia e Igualdade Salarial de Mulheres e Homens 2025 &#8211; F\u00e1brica<\/div><script class=\"df-shortcode-script\" nowprocket type=\"application\/javascript\">window.option_df_1878 = {\"outline\":[],\"height\":\"850\",\"autoEnableOutline\":\"false\",\"autoEnableThumbnail\":\"false\",\"overwritePDFOutline\":\"false\",\"direction\":\"1\",\"pageSize\":\"0\",\"source\":\"http:\\\/\\\/goedertgroup.com\\\/wp-content\\\/uploads\\\/2025\\\/04\\\/relatorio-transparencia-salarial-fabrica.pdf\",\"wpOptions\":\"true\"}; if(window.DFLIP && window.DFLIP.parseBooks){window.DFLIP.parseBooks();}<\/script><\/p>\t\t\t\t\t\t\t\t<\/div>\n\t\t\t\t<\/div>\n\t\t\t\t<div class=\"elementor-element elementor-element-a1494af elementor-widget elementor-widget-heading\" data-id=\"a1494af\" data-element_type=\"widget\" data-e-type=\"widget\" data-widget_type=\"heading.default\">\n\t\t\t\t<div class=\"elementor-widget-container\">\n\t\t\t\t\t<h2 class=\"elementor-heading-title elementor-size-default\">F\u00e1brica<\/h2>\t\t\t\t<\/div>\n\t\t\t\t<\/div>\n\t\t\t\t\t<\/div>\n\t\t<\/div>\n\t\t\t\t\t<\/div>\n\t\t<\/section>\n\t\t\t\t<section class=\"elementor-section elementor-top-section elementor-element elementor-element-eb2e7db elementor-section-boxed elementor-section-height-default elementor-section-height-default\" data-id=\"eb2e7db\" data-element_type=\"section\" data-e-type=\"section\">\n\t\t\t\t\t\t<div class=\"elementor-container elementor-column-gap-default\">\n\t\t\t\t\t<div class=\"elementor-column elementor-col-100 elementor-top-column elementor-element elementor-element-1304aed\" data-id=\"1304aed\" data-element_type=\"column\" data-e-type=\"column\">\n\t\t\t<div class=\"elementor-widget-wrap elementor-element-populated\">\n\t\t\t\t\t\t<div class=\"elementor-element elementor-element-9696e7f elementor-widget-divider--view-line elementor-widget elementor-widget-divider\" data-id=\"9696e7f\" data-element_type=\"widget\" data-e-type=\"widget\" data-widget_type=\"divider.default\">\n\t\t\t\t<div class=\"elementor-widget-container\">\n\t\t\t\t\t\t\t<div class=\"elementor-divider\">\n\t\t\t<span class=\"elementor-divider-separator\">\n\t\t\t\t\t\t<\/span>\n\t\t<\/div>\n\t\t\t\t\t\t<\/div>\n\t\t\t\t<\/div>\n\t\t\t\t<div class=\"elementor-element elementor-element-7008341 elementor-widget elementor-widget-image\" data-id=\"7008341\" data-element_type=\"widget\" data-e-type=\"widget\" data-widget_type=\"image.default\">\n\t\t\t\t<div class=\"elementor-widget-container\">\n\t\t\t\t\t\t\t\t\t\t\t\t\t\t\t\t<a href=\"https:\/\/goedertgroup.com\/es\/sustentabilidade\/\" target=\"_blank\">\n\t\t\t\t\t\t\t<img fetchpriority=\"high\" decoding=\"async\" width=\"768\" height=\"264\" src=\"https:\/\/goedertgroup.com\/wp-content\/uploads\/2024\/08\/banner-hotpage-2-relatorio-2023-768x264.png\" class=\"attachment-medium_large size-medium_large wp-image-1575\" alt=\"\" srcset=\"https:\/\/goedertgroup.com\/wp-content\/uploads\/2024\/08\/banner-hotpage-2-relatorio-2023-768x264.png 768w, https:\/\/goedertgroup.com\/wp-content\/uploads\/2024\/08\/banner-hotpage-2-relatorio-2023-300x103.png 300w, https:\/\/goedertgroup.com\/wp-content\/uploads\/2024\/08\/banner-hotpage-2-relatorio-2023-1024x352.png 1024w, https:\/\/goedertgroup.com\/wp-content\/uploads\/2024\/08\/banner-hotpage-2-relatorio-2023-18x6.png 18w, https:\/\/goedertgroup.com\/wp-content\/uploads\/2024\/08\/banner-hotpage-2-relatorio-2023.png 1080w\" sizes=\"(max-width: 768px) 100vw, 768px\" \/>\t\t\t\t\t\t\t\t<\/a>\n\t\t\t\t\t\t\t\t\t\t\t\t\t\t\t<\/div>\n\t\t\t\t<\/div>\n\t\t\t\t\t<\/div>\n\t\t<\/div>\n\t\t\t\t\t<\/div>\n\t\t<\/section>\n\t\t\t\t<\/div>","protected":false},"excerpt":{"rendered":"<p>Matriz F\u00e1brica<\/p>","protected":false},"author":2,"featured_media":0,"parent":0,"menu_order":0,"comment_status":"closed","ping_status":"closed","template":"","meta":{"_acf_changed":false,"footnotes":""},"class_list":["post-1870","page","type-page","status-publish","hentry"],"acf":[],"yoast_head":"<!-- This site is optimized with the Yoast SEO plugin v27.3 - https:\/\/yoast.com\/product\/yoast-seo-wordpress\/ -->\n<title>Relat\u00f3rio de Transpar\u00eancia e Igualdade Salarial de Mulheres e Homens - Goedert Group<\/title>\n<meta name=\"robots\" content=\"index, follow, max-snippet:-1, max-image-preview:large, max-video-preview:-1\" \/>\n<link rel=\"canonical\" href=\"https:\/\/goedertgroup.com\/es\/relatorio-de-transparencia-e-igualdade-salarial-de-mulheres-e-homens\/\" \/>\n<meta property=\"og:locale\" content=\"es_ES\" \/>\n<meta property=\"og:type\" content=\"article\" \/>\n<meta property=\"og:title\" content=\"Relat\u00f3rio de Transpar\u00eancia e Igualdade Salarial de Mulheres e Homens - Goedert Group\" \/>\n<meta property=\"og:description\" content=\"Matriz F\u00e1brica\" \/>\n<meta property=\"og:url\" content=\"https:\/\/goedertgroup.com\/es\/relatorio-de-transparencia-e-igualdade-salarial-de-mulheres-e-homens\/\" \/>\n<meta property=\"og:site_name\" content=\"Goedert Group\" \/>\n<meta property=\"article:modified_time\" content=\"2025-04-10T19:43:16+00:00\" \/>\n<meta property=\"og:image\" content=\"http:\/\/goedertgroup.com\/wp-content\/uploads\/2024\/08\/banner-hotpage-2-relatorio-2023-768x264.png\" \/>\n<meta name=\"twitter:card\" content=\"summary_large_image\" \/>\n<meta name=\"twitter:label1\" content=\"Est. reading time\" \/>\n\t<meta name=\"twitter:data1\" content=\"1 minute\" \/>\n<script type=\"application\/ld+json\" class=\"yoast-schema-graph\">{\"@context\":\"https:\\\/\\\/schema.org\",\"@graph\":[{\"@type\":\"WebPage\",\"@id\":\"https:\\\/\\\/goedertgroup.com\\\/relatorio-de-transparencia-e-igualdade-salarial-de-mulheres-e-homens\\\/\",\"url\":\"https:\\\/\\\/goedertgroup.com\\\/relatorio-de-transparencia-e-igualdade-salarial-de-mulheres-e-homens\\\/\",\"name\":\"Relat\u00f3rio de Transpar\u00eancia e Igualdade Salarial de Mulheres e Homens - Goedert Group\",\"isPartOf\":{\"@id\":\"https:\\\/\\\/goedertgroup.com\\\/#website\"},\"primaryImageOfPage\":{\"@id\":\"https:\\\/\\\/goedertgroup.com\\\/relatorio-de-transparencia-e-igualdade-salarial-de-mulheres-e-homens\\\/#primaryimage\"},\"image\":{\"@id\":\"https:\\\/\\\/goedertgroup.com\\\/relatorio-de-transparencia-e-igualdade-salarial-de-mulheres-e-homens\\\/#primaryimage\"},\"thumbnailUrl\":\"http:\\\/\\\/goedertgroup.com\\\/wp-content\\\/uploads\\\/2024\\\/08\\\/banner-hotpage-2-relatorio-2023-768x264.png\",\"datePublished\":\"2025-04-09T19:59:35+00:00\",\"dateModified\":\"2025-04-10T19:43:16+00:00\",\"breadcrumb\":{\"@id\":\"https:\\\/\\\/goedertgroup.com\\\/relatorio-de-transparencia-e-igualdade-salarial-de-mulheres-e-homens\\\/#breadcrumb\"},\"inLanguage\":\"es-ES\",\"potentialAction\":[{\"@type\":\"ReadAction\",\"target\":[\"https:\\\/\\\/goedertgroup.com\\\/relatorio-de-transparencia-e-igualdade-salarial-de-mulheres-e-homens\\\/\"]}]},{\"@type\":\"ImageObject\",\"inLanguage\":\"es-ES\",\"@id\":\"https:\\\/\\\/goedertgroup.com\\\/relatorio-de-transparencia-e-igualdade-salarial-de-mulheres-e-homens\\\/#primaryimage\",\"url\":\"http:\\\/\\\/goedertgroup.com\\\/wp-content\\\/uploads\\\/2024\\\/08\\\/banner-hotpage-2-relatorio-2023-768x264.png\",\"contentUrl\":\"http:\\\/\\\/goedertgroup.com\\\/wp-content\\\/uploads\\\/2024\\\/08\\\/banner-hotpage-2-relatorio-2023-768x264.png\"},{\"@type\":\"BreadcrumbList\",\"@id\":\"https:\\\/\\\/goedertgroup.com\\\/relatorio-de-transparencia-e-igualdade-salarial-de-mulheres-e-homens\\\/#breadcrumb\",\"itemListElement\":[{\"@type\":\"ListItem\",\"position\":1,\"name\":\"In\u00edcio\",\"item\":\"https:\\\/\\\/goedertgroup.com\\\/\"},{\"@type\":\"ListItem\",\"position\":2,\"name\":\"Relat\u00f3rio de Transpar\u00eancia e Igualdade Salarial de Mulheres e Homens\"}]},{\"@type\":\"WebSite\",\"@id\":\"https:\\\/\\\/goedertgroup.com\\\/#website\",\"url\":\"https:\\\/\\\/goedertgroup.com\\\/\",\"name\":\"Goedert Group\",\"description\":\"Qualidade em Higiene\",\"potentialAction\":[{\"@type\":\"SearchAction\",\"target\":{\"@type\":\"EntryPoint\",\"urlTemplate\":\"https:\\\/\\\/goedertgroup.com\\\/?s={search_term_string}\"},\"query-input\":{\"@type\":\"PropertyValueSpecification\",\"valueRequired\":true,\"valueName\":\"search_term_string\"}}],\"inLanguage\":\"es-ES\"}]}<\/script>\n<!-- \/ Yoast SEO plugin. -->","yoast_head_json":{"title":"Relat\u00f3rio de Transpar\u00eancia e Igualdade Salarial de Mulheres e Homens - Goedert Group","robots":{"index":"index","follow":"follow","max-snippet":"max-snippet:-1","max-image-preview":"max-image-preview:large","max-video-preview":"max-video-preview:-1"},"canonical":"https:\/\/goedertgroup.com\/es\/relatorio-de-transparencia-e-igualdade-salarial-de-mulheres-e-homens\/","og_locale":"es_ES","og_type":"article","og_title":"Relat\u00f3rio de Transpar\u00eancia e Igualdade Salarial de Mulheres e Homens - Goedert Group","og_description":"Matriz F\u00e1brica","og_url":"https:\/\/goedertgroup.com\/es\/relatorio-de-transparencia-e-igualdade-salarial-de-mulheres-e-homens\/","og_site_name":"Goedert Group","article_modified_time":"2025-04-10T19:43:16+00:00","og_image":[{"url":"http:\/\/goedertgroup.com\/wp-content\/uploads\/2024\/08\/banner-hotpage-2-relatorio-2023-768x264.png","type":"","width":"","height":""}],"twitter_card":"summary_large_image","twitter_misc":{"Est. reading time":"1 minute"},"schema":{"@context":"https:\/\/schema.org","@graph":[{"@type":"WebPage","@id":"https:\/\/goedertgroup.com\/relatorio-de-transparencia-e-igualdade-salarial-de-mulheres-e-homens\/","url":"https:\/\/goedertgroup.com\/relatorio-de-transparencia-e-igualdade-salarial-de-mulheres-e-homens\/","name":"Relat\u00f3rio de Transpar\u00eancia e Igualdade Salarial de Mulheres e Homens - Goedert Group","isPartOf":{"@id":"https:\/\/goedertgroup.com\/#website"},"primaryImageOfPage":{"@id":"https:\/\/goedertgroup.com\/relatorio-de-transparencia-e-igualdade-salarial-de-mulheres-e-homens\/#primaryimage"},"image":{"@id":"https:\/\/goedertgroup.com\/relatorio-de-transparencia-e-igualdade-salarial-de-mulheres-e-homens\/#primaryimage"},"thumbnailUrl":"http:\/\/goedertgroup.com\/wp-content\/uploads\/2024\/08\/banner-hotpage-2-relatorio-2023-768x264.png","datePublished":"2025-04-09T19:59:35+00:00","dateModified":"2025-04-10T19:43:16+00:00","breadcrumb":{"@id":"https:\/\/goedertgroup.com\/relatorio-de-transparencia-e-igualdade-salarial-de-mulheres-e-homens\/#breadcrumb"},"inLanguage":"es-ES","potentialAction":[{"@type":"ReadAction","target":["https:\/\/goedertgroup.com\/relatorio-de-transparencia-e-igualdade-salarial-de-mulheres-e-homens\/"]}]},{"@type":"ImageObject","inLanguage":"es-ES","@id":"https:\/\/goedertgroup.com\/relatorio-de-transparencia-e-igualdade-salarial-de-mulheres-e-homens\/#primaryimage","url":"http:\/\/goedertgroup.com\/wp-content\/uploads\/2024\/08\/banner-hotpage-2-relatorio-2023-768x264.png","contentUrl":"http:\/\/goedertgroup.com\/wp-content\/uploads\/2024\/08\/banner-hotpage-2-relatorio-2023-768x264.png"},{"@type":"BreadcrumbList","@id":"https:\/\/goedertgroup.com\/relatorio-de-transparencia-e-igualdade-salarial-de-mulheres-e-homens\/#breadcrumb","itemListElement":[{"@type":"ListItem","position":1,"name":"In\u00edcio","item":"https:\/\/goedertgroup.com\/"},{"@type":"ListItem","position":2,"name":"Relat\u00f3rio de Transpar\u00eancia e Igualdade Salarial de Mulheres e Homens"}]},{"@type":"WebSite","@id":"https:\/\/goedertgroup.com\/#website","url":"https:\/\/goedertgroup.com\/","name":"Goedert Group","description":"Qualidade em Higiene","potentialAction":[{"@type":"SearchAction","target":{"@type":"EntryPoint","urlTemplate":"https:\/\/goedertgroup.com\/?s={search_term_string}"},"query-input":{"@type":"PropertyValueSpecification","valueRequired":true,"valueName":"search_term_string"}}],"inLanguage":"es-ES"}]}},"_links":{"self":[{"href":"https:\/\/goedertgroup.com\/es\/wp-json\/wp\/v2\/pages\/1870","targetHints":{"allow":["GET"]}}],"collection":[{"href":"https:\/\/goedertgroup.com\/es\/wp-json\/wp\/v2\/pages"}],"about":[{"href":"https:\/\/goedertgroup.com\/es\/wp-json\/wp\/v2\/types\/page"}],"author":[{"embeddable":true,"href":"https:\/\/goedertgroup.com\/es\/wp-json\/wp\/v2\/users\/2"}],"replies":[{"embeddable":true,"href":"https:\/\/goedertgroup.com\/es\/wp-json\/wp\/v2\/comments?post=1870"}],"version-history":[{"count":27,"href":"https:\/\/goedertgroup.com\/es\/wp-json\/wp\/v2\/pages\/1870\/revisions"}],"predecessor-version":[{"id":1912,"href":"https:\/\/goedertgroup.com\/es\/wp-json\/wp\/v2\/pages\/1870\/revisions\/1912"}],"wp:attachment":[{"href":"https:\/\/goedertgroup.com\/es\/wp-json\/wp\/v2\/media?parent=1870"}],"curies":[{"name":"wp","href":"https:\/\/api.w.org\/{rel}","templated":true}]}}