{"id":156,"date":"2021-06-14T09:33:12","date_gmt":"2021-06-14T12:33:12","guid":{"rendered":"http:\/\/goedertgroup.com\/?page_id=156"},"modified":"2021-07-02T09:55:54","modified_gmt":"2021-07-02T12:55:54","slug":"contato","status":"publish","type":"page","link":"https:\/\/goedertgroup.com\/es\/contato\/","title":{"rendered":"Contacto"},"content":{"rendered":"<p>Ser\u00e1 un placer ayudarle y aclarar todas sus solicitudes y dudas. Env\u00ede sus sugerencias o cr\u00edticas para que nuestra oficina pueda evolucionar en su servicio.<\/p>\n<p>Hable con nuestro equipo usando el formulario al costado:<\/p>","protected":false},"excerpt":{"rendered":"<p>Ser\u00e1 um prazer ajudar e esclarecer todas as suas solicita\u00e7\u00f5es e d\u00favidas. Envie suas sugest\u00f5es ou cr\u00edticas para  ...","protected":false},"author":1,"featured_media":0,"parent":0,"menu_order":0,"comment_status":"closed","ping_status":"closed","template":"","meta":{"_acf_changed":false,"footnotes":""},"class_list":["post-156","page","type-page","status-publish","hentry"],"acf":[],"yoast_head":"<!-- This site is optimized with the Yoast SEO plugin v27.4 - https:\/\/yoast.com\/product\/yoast-seo-wordpress\/ -->\n<title>Contato - Goedert Group<\/title>\n<meta name=\"robots\" content=\"index, follow, max-snippet:-1, max-image-preview:large, max-video-preview:-1\" \/>\n<link rel=\"canonical\" href=\"https:\/\/goedertgroup.com\/es\/contato\/\" \/>\n<meta property=\"og:locale\" content=\"es_ES\" \/>\n<meta property=\"og:type\" content=\"article\" \/>\n<meta property=\"og:title\" content=\"Contato - Goedert Group\" \/>\n<meta property=\"og:description\" content=\"Ser\u00e1 um prazer ajudar e esclarecer todas as suas solicita\u00e7\u00f5es e d\u00favidas. Envie suas sugest\u00f5es ou cr\u00edticas para que nosso escrit\u00f3rio possa evoluir em seu atendimento. Fale com a nossa equipe atrav\u00e9s do formul\u00e1rio ao lado:\" \/>\n<meta property=\"og:url\" content=\"https:\/\/goedertgroup.com\/es\/contato\/\" \/>\n<meta property=\"og:site_name\" content=\"Goedert Group\" \/>\n<meta property=\"article:modified_time\" content=\"2021-07-02T12:55:54+00:00\" \/>\n<meta name=\"twitter:card\" content=\"summary_large_image\" \/>\n<script type=\"application\/ld+json\" class=\"yoast-schema-graph\">{\"@context\":\"https:\\\/\\\/schema.org\",\"@graph\":[{\"@type\":\"WebPage\",\"@id\":\"https:\\\/\\\/goedertgroup.com\\\/contato\\\/\",\"url\":\"https:\\\/\\\/goedertgroup.com\\\/contato\\\/\",\"name\":\"Contato - Goedert Group\",\"isPartOf\":{\"@id\":\"https:\\\/\\\/goedertgroup.com\\\/#website\"},\"datePublished\":\"2021-06-14T12:33:12+00:00\",\"dateModified\":\"2021-07-02T12:55:54+00:00\",\"breadcrumb\":{\"@id\":\"https:\\\/\\\/goedertgroup.com\\\/contato\\\/#breadcrumb\"},\"inLanguage\":\"es-ES\",\"potentialAction\":[{\"@type\":\"ReadAction\",\"target\":[\"https:\\\/\\\/goedertgroup.com\\\/contato\\\/\"]}]},{\"@type\":\"BreadcrumbList\",\"@id\":\"https:\\\/\\\/goedertgroup.com\\\/contato\\\/#breadcrumb\",\"itemListElement\":[{\"@type\":\"ListItem\",\"position\":1,\"name\":\"In\u00edcio\",\"item\":\"https:\\\/\\\/goedertgroup.com\\\/\"},{\"@type\":\"ListItem\",\"position\":2,\"name\":\"Contato\"}]},{\"@type\":\"WebSite\",\"@id\":\"https:\\\/\\\/goedertgroup.com\\\/#website\",\"url\":\"https:\\\/\\\/goedertgroup.com\\\/\",\"name\":\"Goedert Group\",\"description\":\"Qualidade em Higiene\",\"potentialAction\":[{\"@type\":\"SearchAction\",\"target\":{\"@type\":\"EntryPoint\",\"urlTemplate\":\"https:\\\/\\\/goedertgroup.com\\\/?s={search_term_string}\"},\"query-input\":{\"@type\":\"PropertyValueSpecification\",\"valueRequired\":true,\"valueName\":\"search_term_string\"}}],\"inLanguage\":\"es-ES\"}]}<\/script>\n<!-- \/ Yoast SEO plugin. -->","yoast_head_json":{"title":"Contato - Goedert Group","robots":{"index":"index","follow":"follow","max-snippet":"max-snippet:-1","max-image-preview":"max-image-preview:large","max-video-preview":"max-video-preview:-1"},"canonical":"https:\/\/goedertgroup.com\/es\/contato\/","og_locale":"es_ES","og_type":"article","og_title":"Contato - Goedert Group","og_description":"Ser\u00e1 um prazer ajudar e esclarecer todas as suas solicita\u00e7\u00f5es e d\u00favidas. Envie suas sugest\u00f5es ou cr\u00edticas para que nosso escrit\u00f3rio possa evoluir em seu atendimento. Fale com a nossa equipe atrav\u00e9s do formul\u00e1rio ao lado:","og_url":"https:\/\/goedertgroup.com\/es\/contato\/","og_site_name":"Goedert Group","article_modified_time":"2021-07-02T12:55:54+00:00","twitter_card":"summary_large_image","schema":{"@context":"https:\/\/schema.org","@graph":[{"@type":"WebPage","@id":"https:\/\/goedertgroup.com\/contato\/","url":"https:\/\/goedertgroup.com\/contato\/","name":"Contato - Goedert Group","isPartOf":{"@id":"https:\/\/goedertgroup.com\/#website"},"datePublished":"2021-06-14T12:33:12+00:00","dateModified":"2021-07-02T12:55:54+00:00","breadcrumb":{"@id":"https:\/\/goedertgroup.com\/contato\/#breadcrumb"},"inLanguage":"es-ES","potentialAction":[{"@type":"ReadAction","target":["https:\/\/goedertgroup.com\/contato\/"]}]},{"@type":"BreadcrumbList","@id":"https:\/\/goedertgroup.com\/contato\/#breadcrumb","itemListElement":[{"@type":"ListItem","position":1,"name":"In\u00edcio","item":"https:\/\/goedertgroup.com\/"},{"@type":"ListItem","position":2,"name":"Contato"}]},{"@type":"WebSite","@id":"https:\/\/goedertgroup.com\/#website","url":"https:\/\/goedertgroup.com\/","name":"Goedert Group","description":"Qualidade em Higiene","potentialAction":[{"@type":"SearchAction","target":{"@type":"EntryPoint","urlTemplate":"https:\/\/goedertgroup.com\/?s={search_term_string}"},"query-input":{"@type":"PropertyValueSpecification","valueRequired":true,"valueName":"search_term_string"}}],"inLanguage":"es-ES"}]}},"_links":{"self":[{"href":"https:\/\/goedertgroup.com\/es\/wp-json\/wp\/v2\/pages\/156","targetHints":{"allow":["GET"]}}],"collection":[{"href":"https:\/\/goedertgroup.com\/es\/wp-json\/wp\/v2\/pages"}],"about":[{"href":"https:\/\/goedertgroup.com\/es\/wp-json\/wp\/v2\/types\/page"}],"author":[{"embeddable":true,"href":"https:\/\/goedertgroup.com\/es\/wp-json\/wp\/v2\/users\/1"}],"replies":[{"embeddable":true,"href":"https:\/\/goedertgroup.com\/es\/wp-json\/wp\/v2\/comments?post=156"}],"version-history":[{"count":2,"href":"https:\/\/goedertgroup.com\/es\/wp-json\/wp\/v2\/pages\/156\/revisions"}],"predecessor-version":[{"id":372,"href":"https:\/\/goedertgroup.com\/es\/wp-json\/wp\/v2\/pages\/156\/revisions\/372"}],"wp:attachment":[{"href":"https:\/\/goedertgroup.com\/es\/wp-json\/wp\/v2\/media?parent=156"}],"curies":[{"name":"wp","href":"https:\/\/api.w.org\/{rel}","templated":true}]}}