{"id":294,"date":"2021-06-28T15:56:24","date_gmt":"2021-06-28T18:56:24","guid":{"rendered":"http:\/\/goedertgroup.com\/?page_id=294"},"modified":"2021-07-12T11:18:38","modified_gmt":"2021-07-12T14:18:38","slug":"marcas","status":"publish","type":"page","link":"https:\/\/goedertgroup.com\/en\/marcas\/","title":{"rendered":"Marcas"},"content":{"rendered":"<p>We have a large family of versatile products designed to meet different situations: in commerce, condominiums and at home. They are sold under the brands Nobre, Uppro Qu\u00edmicos, Multirodo and PapaCopo.<\/p>\n<p>There are more than 3 thousand hygiene, cleaning and protection items, many produced in our industry, located in Palho\u00e7a (SC). In 2020 alone, we manufactured around 18 million products distributed to all Brazilian\nstates and Mercosur countries, totaling more than 7.5 thousand points of sale.<\/p>\n<p>The variety is wide to better meet the needs of our different audiences, whether end consumers, distributors, resellers or companies.<\/p>","protected":false},"excerpt":{"rendered":"<p>Possu\u00edmos uma grande fam\u00edlia de produtos vers\u00e1teis desenvolvidos para atender diferentes situa\u00e7\u00f5es: no com\u00e9rcio ...","protected":false},"author":1,"featured_media":343,"parent":0,"menu_order":0,"comment_status":"closed","ping_status":"closed","template":"template-negocios.php","meta":{"_acf_changed":false,"footnotes":""},"class_list":["post-294","page","type-page","status-publish","has-post-thumbnail","hentry"],"acf":[],"yoast_head":"<!-- This site is optimized with the Yoast SEO plugin v27.3 - https:\/\/yoast.com\/product\/yoast-seo-wordpress\/ -->\n<title>Marcas - Goedert Group<\/title>\n<meta name=\"robots\" content=\"index, follow, max-snippet:-1, max-image-preview:large, max-video-preview:-1\" \/>\n<link rel=\"canonical\" href=\"https:\/\/goedertgroup.com\/en\/marcas\/\" \/>\n<meta property=\"og:locale\" content=\"en_US\" \/>\n<meta property=\"og:type\" content=\"article\" \/>\n<meta property=\"og:title\" content=\"Marcas - Goedert Group\" \/>\n<meta property=\"og:description\" content=\"Possu\u00edmos uma grande fam\u00edlia de produtos vers\u00e1teis desenvolvidos para atender diferentes situa\u00e7\u00f5es: no com\u00e9rcio, em condom\u00ednios e em casa. Eles s\u00e3o comercializados atrav\u00e9s das marcas Nobre, Uppro Qu\u00edmicos, Multirodo e PapaCopo. S\u00e3o mais de 3 mil itens de higiene, limpeza e prote\u00e7\u00e3o, muitos produzidos em nossa ind\u00fastria, localizada em Palho\u00e7a (SC). Somente em 2020, fabricamosLer mais\" \/>\n<meta property=\"og:url\" content=\"https:\/\/goedertgroup.com\/en\/marcas\/\" \/>\n<meta property=\"og:site_name\" content=\"Goedert Group\" \/>\n<meta property=\"article:modified_time\" content=\"2021-07-12T14:18:38+00:00\" \/>\n<meta property=\"og:image\" content=\"https:\/\/goedertgroup.com\/wp-content\/uploads\/2021\/07\/logos-marcas-nobre.png\" \/>\n\t<meta property=\"og:image:width\" content=\"687\" \/>\n\t<meta property=\"og:image:height\" content=\"509\" \/>\n\t<meta property=\"og:image:type\" content=\"image\/png\" \/>\n<meta name=\"twitter:card\" content=\"summary_large_image\" \/>\n<meta name=\"twitter:label1\" content=\"Est. reading time\" \/>\n\t<meta name=\"twitter:data1\" content=\"1 minute\" \/>\n<script type=\"application\/ld+json\" class=\"yoast-schema-graph\">{\"@context\":\"https:\\\/\\\/schema.org\",\"@graph\":[{\"@type\":\"WebPage\",\"@id\":\"https:\\\/\\\/goedertgroup.com\\\/es\\\/marcas\\\/\",\"url\":\"https:\\\/\\\/goedertgroup.com\\\/es\\\/marcas\\\/\",\"name\":\"Marcas - Goedert Group\",\"isPartOf\":{\"@id\":\"https:\\\/\\\/goedertgroup.com\\\/#website\"},\"primaryImageOfPage\":{\"@id\":\"https:\\\/\\\/goedertgroup.com\\\/es\\\/marcas\\\/#primaryimage\"},\"image\":{\"@id\":\"https:\\\/\\\/goedertgroup.com\\\/es\\\/marcas\\\/#primaryimage\"},\"thumbnailUrl\":\"https:\\\/\\\/goedertgroup.com\\\/wp-content\\\/uploads\\\/2021\\\/07\\\/logos-marcas-nobre.png\",\"datePublished\":\"2021-06-28T18:56:24+00:00\",\"dateModified\":\"2021-07-12T14:18:38+00:00\",\"breadcrumb\":{\"@id\":\"https:\\\/\\\/goedertgroup.com\\\/es\\\/marcas\\\/#breadcrumb\"},\"inLanguage\":\"en-US\",\"potentialAction\":[{\"@type\":\"ReadAction\",\"target\":[\"https:\\\/\\\/goedertgroup.com\\\/es\\\/marcas\\\/\"]}]},{\"@type\":\"ImageObject\",\"inLanguage\":\"en-US\",\"@id\":\"https:\\\/\\\/goedertgroup.com\\\/es\\\/marcas\\\/#primaryimage\",\"url\":\"https:\\\/\\\/goedertgroup.com\\\/wp-content\\\/uploads\\\/2021\\\/07\\\/logos-marcas-nobre.png\",\"contentUrl\":\"https:\\\/\\\/goedertgroup.com\\\/wp-content\\\/uploads\\\/2021\\\/07\\\/logos-marcas-nobre.png\",\"width\":687,\"height\":509},{\"@type\":\"BreadcrumbList\",\"@id\":\"https:\\\/\\\/goedertgroup.com\\\/es\\\/marcas\\\/#breadcrumb\",\"itemListElement\":[{\"@type\":\"ListItem\",\"position\":1,\"name\":\"In\u00edcio\",\"item\":\"https:\\\/\\\/goedertgroup.com\\\/\"},{\"@type\":\"ListItem\",\"position\":2,\"name\":\"Marcas\"}]},{\"@type\":\"WebSite\",\"@id\":\"https:\\\/\\\/goedertgroup.com\\\/#website\",\"url\":\"https:\\\/\\\/goedertgroup.com\\\/\",\"name\":\"Goedert Group\",\"description\":\"Qualidade em Higiene\",\"potentialAction\":[{\"@type\":\"SearchAction\",\"target\":{\"@type\":\"EntryPoint\",\"urlTemplate\":\"https:\\\/\\\/goedertgroup.com\\\/?s={search_term_string}\"},\"query-input\":{\"@type\":\"PropertyValueSpecification\",\"valueRequired\":true,\"valueName\":\"search_term_string\"}}],\"inLanguage\":\"en-US\"}]}<\/script>\n<!-- \/ Yoast SEO plugin. -->","yoast_head_json":{"title":"Marcas - Goedert Group","robots":{"index":"index","follow":"follow","max-snippet":"max-snippet:-1","max-image-preview":"max-image-preview:large","max-video-preview":"max-video-preview:-1"},"canonical":"https:\/\/goedertgroup.com\/en\/marcas\/","og_locale":"en_US","og_type":"article","og_title":"Marcas - Goedert Group","og_description":"Possu\u00edmos uma grande fam\u00edlia de produtos vers\u00e1teis desenvolvidos para atender diferentes situa\u00e7\u00f5es: no com\u00e9rcio, em condom\u00ednios e em casa. Eles s\u00e3o comercializados atrav\u00e9s das marcas Nobre, Uppro Qu\u00edmicos, Multirodo e PapaCopo. S\u00e3o mais de 3 mil itens de higiene, limpeza e prote\u00e7\u00e3o, muitos produzidos em nossa ind\u00fastria, localizada em Palho\u00e7a (SC). Somente em 2020, fabricamosLer mais","og_url":"https:\/\/goedertgroup.com\/en\/marcas\/","og_site_name":"Goedert Group","article_modified_time":"2021-07-12T14:18:38+00:00","og_image":[{"width":687,"height":509,"url":"https:\/\/goedertgroup.com\/wp-content\/uploads\/2021\/07\/logos-marcas-nobre.png","type":"image\/png"}],"twitter_card":"summary_large_image","twitter_misc":{"Est. reading time":"1 minute"},"schema":{"@context":"https:\/\/schema.org","@graph":[{"@type":"WebPage","@id":"https:\/\/goedertgroup.com\/es\/marcas\/","url":"https:\/\/goedertgroup.com\/es\/marcas\/","name":"Marcas - Goedert Group","isPartOf":{"@id":"https:\/\/goedertgroup.com\/#website"},"primaryImageOfPage":{"@id":"https:\/\/goedertgroup.com\/es\/marcas\/#primaryimage"},"image":{"@id":"https:\/\/goedertgroup.com\/es\/marcas\/#primaryimage"},"thumbnailUrl":"https:\/\/goedertgroup.com\/wp-content\/uploads\/2021\/07\/logos-marcas-nobre.png","datePublished":"2021-06-28T18:56:24+00:00","dateModified":"2021-07-12T14:18:38+00:00","breadcrumb":{"@id":"https:\/\/goedertgroup.com\/es\/marcas\/#breadcrumb"},"inLanguage":"en-US","potentialAction":[{"@type":"ReadAction","target":["https:\/\/goedertgroup.com\/es\/marcas\/"]}]},{"@type":"ImageObject","inLanguage":"en-US","@id":"https:\/\/goedertgroup.com\/es\/marcas\/#primaryimage","url":"https:\/\/goedertgroup.com\/wp-content\/uploads\/2021\/07\/logos-marcas-nobre.png","contentUrl":"https:\/\/goedertgroup.com\/wp-content\/uploads\/2021\/07\/logos-marcas-nobre.png","width":687,"height":509},{"@type":"BreadcrumbList","@id":"https:\/\/goedertgroup.com\/es\/marcas\/#breadcrumb","itemListElement":[{"@type":"ListItem","position":1,"name":"In\u00edcio","item":"https:\/\/goedertgroup.com\/"},{"@type":"ListItem","position":2,"name":"Marcas"}]},{"@type":"WebSite","@id":"https:\/\/goedertgroup.com\/#website","url":"https:\/\/goedertgroup.com\/","name":"Goedert Group","description":"Qualidade em Higiene","potentialAction":[{"@type":"SearchAction","target":{"@type":"EntryPoint","urlTemplate":"https:\/\/goedertgroup.com\/?s={search_term_string}"},"query-input":{"@type":"PropertyValueSpecification","valueRequired":true,"valueName":"search_term_string"}}],"inLanguage":"en-US"}]}},"_links":{"self":[{"href":"https:\/\/goedertgroup.com\/en\/wp-json\/wp\/v2\/pages\/294","targetHints":{"allow":["GET"]}}],"collection":[{"href":"https:\/\/goedertgroup.com\/en\/wp-json\/wp\/v2\/pages"}],"about":[{"href":"https:\/\/goedertgroup.com\/en\/wp-json\/wp\/v2\/types\/page"}],"author":[{"embeddable":true,"href":"https:\/\/goedertgroup.com\/en\/wp-json\/wp\/v2\/users\/1"}],"replies":[{"embeddable":true,"href":"https:\/\/goedertgroup.com\/en\/wp-json\/wp\/v2\/comments?post=294"}],"version-history":[{"count":7,"href":"https:\/\/goedertgroup.com\/en\/wp-json\/wp\/v2\/pages\/294\/revisions"}],"predecessor-version":[{"id":448,"href":"https:\/\/goedertgroup.com\/en\/wp-json\/wp\/v2\/pages\/294\/revisions\/448"}],"wp:featuredmedia":[{"embeddable":true,"href":"https:\/\/goedertgroup.com\/en\/wp-json\/wp\/v2\/media\/343"}],"wp:attachment":[{"href":"https:\/\/goedertgroup.com\/en\/wp-json\/wp\/v2\/media?parent=294"}],"curies":[{"name":"wp","href":"https:\/\/api.w.org\/{rel}","templated":true}]}}